{"id":7564,"date":"2024-06-23T10:55:31","date_gmt":"2024-06-23T08:55:31","guid":{"rendered":"https:\/\/instantsordinaires.com\/?page_id=7564"},"modified":"2026-04-24T12:15:14","modified_gmt":"2026-04-24T10:15:14","slug":"timelapse","status":"publish","type":"page","link":"https:\/\/instantsordinaires.com\/timelapse\/","title":{"rendered":"Youtube"},"content":{"rendered":"\n<p><strong>Ma cha\u00eene YouTube \u2014 Instants Ordinaires<\/strong><\/p>\n\n\n\n<p>La cha\u00eene&nbsp;<strong><a href=\"https:\/\/www.youtube.com\/@InstantsOrdinaires\/featured\">@InstantsOrdinaires<\/a><\/strong>&nbsp;prolonge en vid\u00e9o ce que la photographie ne peut pas toujours saisir : le mouvement, le vent, le bruit des vagues, la vie qui passe.<\/p>\n\n\n\n<p>Quatre univers s&#8217;y c\u00f4toient. Les&nbsp;<strong>sentiers c\u00f4tiers<\/strong>&nbsp;du littoral lorientais \u2014 Kerroch, Lomener, Larmor, les Kaolins \u2014 film\u00e9s au fil des saisons avec vue sur les courreaux et l&#8217;\u00eele de Groix. La&nbsp;<strong>Tha\u00eflande<\/strong>, un long voyage de trois mois fin 2021 de Phuket \u00e0 Chiang Rai, et des retours r\u00e9guliers depuis. La&nbsp;<strong>nature<\/strong>, avec les m\u00e9sanges bleues au nichoir, les r\u00e9serves ornithologiques, les rapaces d&#8217;Espagne. Et une s\u00e9rie&nbsp;<strong>technique<\/strong>&nbsp;pour ceux qui partagent les m\u00eames passions : r\u00e9seau domestique Ubiquiti, domotique, station m\u00e9t\u00e9o Davis Vantage Pro 2, \u00e9nergie solaire, audio avec Roon.<\/p>\n\n\n\n<p>85 vid\u00e9os publi\u00e9es \u00e0 ce jour, toutes film\u00e9es en 4K.<\/p>\n\n\n\n<p>Bonne balade.<\/p>\n\n\n\n<figure class=\"wp-block-embed is-type-rich is-provider-embed-handler wp-block-embed-embed-handler\"><div class=\"wp-block-embed__wrapper\">\n<div style=\"width: 640px;\" class=\"wp-video\"><video class=\"wp-video-shortcode\" id=\"video-7564-1\" width=\"640\" height=\"360\" preload=\"metadata\" controls=\"controls\"><source type=\"video\/mp4\" src=\"https:\/\/instantsordinaires.com\/wp-content\/uploads\/TL-Kerroch-15Juin2024.mp4?_=1\" \/><a href=\"https:\/\/instantsordinaires.com\/wp-content\/uploads\/TL-Kerroch-15Juin2024.mp4\">https:\/\/instantsordinaires.com\/wp-content\/uploads\/TL-Kerroch-15Juin2024.mp4<\/a><\/video><\/div>\n<\/div><\/figure>\n\n\n\n<p><a href=\"https:\/\/www.youtube.com\/@InstantsOrdinaires\" target=\"_blank\" rel=\"noreferrer noopener\">Ma cha\u00eene YouTube Instants Ordinaires<\/a><\/p>\n\n\n\n<p><a href=\"https:\/\/www.youtube.com\/@InstantsOrdinaires\" target=\"_blank\" rel=\"noreferrer noopener\"><\/a><\/p>\n\n\n\n<p><\/p>\n","protected":false},"excerpt":{"rendered":"<p>Ma cha\u00eene YouTube \u2014 Instants Ordinaires La cha\u00eene&nbsp;@InstantsOrdinaires&nbsp;prolonge en vid\u00e9o ce que la photographie ne peut pas toujours saisir : le mouvement, le vent, le<\/p>\n<p><a href=\"https:\/\/instantsordinaires.com\/timelapse\/\" class=\"more-link\">Continue reading<span class=\"screen-reader-text\">Youtube<\/span><\/a><\/p>\n","protected":false},"author":1,"featured_media":0,"parent":0,"menu_order":0,"comment_status":"closed","ping_status":"closed","template":"","meta":{"footnotes":""},"class_list":["post-7564","page","type-page","status-publish","hentry"],"_links":{"self":[{"href":"https:\/\/instantsordinaires.com\/wp-json\/wp\/v2\/pages\/7564","targetHints":{"allow":["GET"]}}],"collection":[{"href":"https:\/\/instantsordinaires.com\/wp-json\/wp\/v2\/pages"}],"about":[{"href":"https:\/\/instantsordinaires.com\/wp-json\/wp\/v2\/types\/page"}],"author":[{"embeddable":true,"href":"https:\/\/instantsordinaires.com\/wp-json\/wp\/v2\/users\/1"}],"replies":[{"embeddable":true,"href":"https:\/\/instantsordinaires.com\/wp-json\/wp\/v2\/comments?post=7564"}],"version-history":[{"count":11,"href":"https:\/\/instantsordinaires.com\/wp-json\/wp\/v2\/pages\/7564\/revisions"}],"predecessor-version":[{"id":7695,"href":"https:\/\/instantsordinaires.com\/wp-json\/wp\/v2\/pages\/7564\/revisions\/7695"}],"wp:attachment":[{"href":"https:\/\/instantsordinaires.com\/wp-json\/wp\/v2\/media?parent=7564"}],"curies":[{"name":"wp","href":"https:\/\/api.w.org\/{rel}","templated":true}]}}