{"id":1977,"date":"2021-11-17T09:55:07","date_gmt":"2021-11-17T08:55:07","guid":{"rendered":"https:\/\/jlkape.com\/?page_id=1977"},"modified":"2022-03-29T12:49:23","modified_gmt":"2022-03-29T10:49:23","slug":"ma-chaine-youtube","status":"publish","type":"page","link":"https:\/\/instantsordinaires.com\/ma-chaine-youtube\/","title":{"rendered":"YouTube: Instants Ordinaires"},"content":{"rendered":"\n<p>Filmer des instants ordinaires lors de promenades locales ou lointaines. Des s\u00e9ries de vid\u00e9os sur les sentiers c\u00f4tiers de la r\u00e9gion et du dernier voyage en Thailande. <\/p>\n\n\n\n<figure class=\"wp-block-embed is-type-video is-provider-youtube wp-block-embed-youtube wp-embed-aspect-16-9 wp-has-aspect-ratio\"><div class=\"wp-block-embed__wrapper\">\n<iframe loading=\"lazy\" title=\"Sentier c\u00f4tier: Lomener Kerpape, \u00e9p.2 - 4K\" width=\"880\" height=\"495\" src=\"https:\/\/www.youtube.com\/embed\/fyw0oliasL8?feature=oembed\" frameborder=\"0\" allow=\"accelerometer; autoplay; clipboard-write; encrypted-media; gyroscope; picture-in-picture\" allowfullscreen><\/iframe>\n<\/div><figcaption>Temp\u00eate sur Lomener<\/figcaption><\/figure>\n\n\n\n<p>Une belle journ\u00e9e de Larmor-Plage au Kernevel<\/p>\n\n\n\n<figure class=\"wp-block-embed is-type-video is-provider-youtube wp-block-embed-youtube wp-embed-aspect-16-9 wp-has-aspect-ratio\"><div class=\"wp-block-embed__wrapper\">\n<iframe loading=\"lazy\" title=\"Sentier c\u00f4tier: Larmor - Kernevel, \u00e9p.6 - 4K\" width=\"880\" height=\"495\" src=\"https:\/\/www.youtube.com\/embed\/3zFfGDAHYdk?feature=oembed\" frameborder=\"0\" allow=\"accelerometer; autoplay; clipboard-write; encrypted-media; gyroscope; picture-in-picture\" allowfullscreen><\/iframe>\n<\/div><\/figure>\n\n\n\n<p>Les \u00eeles: Sein, une de mes pr\u00e9f\u00e9r\u00e9es.<\/p>\n\n\n\n<figure class=\"wp-block-embed is-type-rich is-provider-embed-handler wp-block-embed-embed-handler wp-embed-aspect-16-9 wp-has-aspect-ratio\"><div class=\"wp-block-embed__wrapper\">\n<iframe loading=\"lazy\" title=\"Voyage \u00e0 l&#039;\u00eele de Sein - 4K\" width=\"880\" height=\"495\" src=\"https:\/\/www.youtube.com\/embed\/1QUbwEzqePY?feature=oembed\" frameborder=\"0\" allow=\"accelerometer; autoplay; clipboard-write; encrypted-media; gyroscope; picture-in-picture\" allowfullscreen><\/iframe>\n<\/div><figcaption>Quai de Sein<\/figcaption><\/figure>\n\n\n\n<p>La Thailande: des plages aux temples<\/p>\n\n\n\n<figure class=\"wp-block-embed is-type-video is-provider-youtube wp-block-embed-youtube wp-embed-aspect-16-9 wp-has-aspect-ratio\"><div class=\"wp-block-embed__wrapper\">\n<iframe loading=\"lazy\" title=\"Travel Series: BangTao, \u00e9p.2 - 4K\" width=\"880\" height=\"495\" src=\"https:\/\/www.youtube.com\/embed\/EzoiHnfHxy8?feature=oembed\" frameborder=\"0\" allow=\"accelerometer; autoplay; clipboard-write; encrypted-media; gyroscope; picture-in-picture\" allowfullscreen><\/iframe>\n<\/div><\/figure>\n","protected":false},"excerpt":{"rendered":"<p>Filmer des instants ordinaires lors de promenades locales ou lointaines. Des s\u00e9ries de vid\u00e9os sur les sentiers c\u00f4tiers de la r\u00e9gion et du dernier voyage<\/p>\n<p><a href=\"https:\/\/instantsordinaires.com\/ma-chaine-youtube\/\" class=\"more-link\">Continue reading<span class=\"screen-reader-text\">YouTube: Instants Ordinaires<\/span><\/a><\/p>\n","protected":false},"author":1,"featured_media":0,"parent":0,"menu_order":0,"comment_status":"closed","ping_status":"closed","template":"","meta":{"footnotes":""},"class_list":["post-1977","page","type-page","status-publish","hentry"],"_links":{"self":[{"href":"https:\/\/instantsordinaires.com\/wp-json\/wp\/v2\/pages\/1977","targetHints":{"allow":["GET"]}}],"collection":[{"href":"https:\/\/instantsordinaires.com\/wp-json\/wp\/v2\/pages"}],"about":[{"href":"https:\/\/instantsordinaires.com\/wp-json\/wp\/v2\/types\/page"}],"author":[{"embeddable":true,"href":"https:\/\/instantsordinaires.com\/wp-json\/wp\/v2\/users\/1"}],"replies":[{"embeddable":true,"href":"https:\/\/instantsordinaires.com\/wp-json\/wp\/v2\/comments?post=1977"}],"version-history":[{"count":6,"href":"https:\/\/instantsordinaires.com\/wp-json\/wp\/v2\/pages\/1977\/revisions"}],"predecessor-version":[{"id":2031,"href":"https:\/\/instantsordinaires.com\/wp-json\/wp\/v2\/pages\/1977\/revisions\/2031"}],"wp:attachment":[{"href":"https:\/\/instantsordinaires.com\/wp-json\/wp\/v2\/media?parent=1977"}],"curies":[{"name":"wp","href":"https:\/\/api.w.org\/{rel}","templated":true}]}}